{"id":1800,"date":"2015-07-16T09:12:44","date_gmt":"2015-07-16T09:12:44","guid":{"rendered":"https:\/\/www.fact.ch\/about\/"},"modified":"2015-07-16T09:12:44","modified_gmt":"2015-07-16T09:12:44","slug":"about","status":"publish","type":"page","link":"https:\/\/www.fact.ch\/en\/about\/","title":{"rendered":"Unternehmen"},"content":{"rendered":"\n<style type=\"text\/css\" data-created_by=\"avia_inline_auto\" id=\"style-css-av-145nae-6e5e252382151ee016ca82ad5fa04de3\">\n.avia-section.av-145nae-6e5e252382151ee016ca82ad5fa04de3{\nbackground-repeat:no-repeat;\nbackground-image:url(https:\/\/mlakjcyejry0.i.optimole.com\/w:auto\/h:auto\/q:mauto\/f:best\/https:\/\/www.fact.ch\/wp-content\/uploads\/2018\/05\/hero-skyscraper.jpg);\nbackground-position:50% 50%;\nbackground-attachment:scroll;\n}\n.avia-section.av-145nae-6e5e252382151ee016ca82ad5fa04de3 .av-section-color-overlay{\nopacity:0.6;\nbackground-color:#084a79;\n}\n<\/style>\n<div id='av_section_1'  class='avia-section av-145nae-6e5e252382151ee016ca82ad5fa04de3 main_color avia-section-default avia-no-border-styling  avia-builder-el-0  el_before_av_section  avia-builder-el-first  avia-full-stretch avia-bg-style-scroll av-section-color-overlay-active av-minimum-height av-minimum-height-custom av-height-custom  container_wrap fullsize'  data-section-bg-repeat='stretch' data-av_minimum_height_px='230'><div class=\"av-section-color-overlay-wrap\"><div class=\"av-section-color-overlay\"><\/div><div class='container av-section-cont-open' style='height:230px'><main  role=\"main\" itemprop=\"mainContentOfPage\"  class='template-page content  av-content-full alpha units'><div class='post-entry post-entry-type-page post-entry-1800'><div class='entry-content-wrapper clearfix'>\n\n<style type=\"text\/css\" data-created_by=\"avia_inline_auto\" id=\"style-css-av-jgf3pjem-ee2a691ebc0a9a100bc99d372a9c72ca\">\n#top .flex_column.av-jgf3pjem-ee2a691ebc0a9a100bc99d372a9c72ca{\nmargin-top:0px;\nmargin-bottom:0px;\n}\n.flex_column.av-jgf3pjem-ee2a691ebc0a9a100bc99d372a9c72ca{\nborder-radius:0px 0px 0px 0px;\npadding:0px 0px 0px 0px;\n}\n.responsive #top #wrap_all .flex_column.av-jgf3pjem-ee2a691ebc0a9a100bc99d372a9c72ca{\nmargin-top:0px;\nmargin-bottom:0px;\n}\n<\/style>\n<div  class='flex_column av-jgf3pjem-ee2a691ebc0a9a100bc99d372a9c72ca av_one_full  avia-builder-el-1  avia-builder-el-no-sibling  first flex_column_div av-animated-generic left-to-right av-zero-column-padding  '     ><style type=\"text\/css\" data-created_by=\"avia_inline_auto\" id=\"style-css-av-jw9ez30v-2a0784c96a93f801719e759f0c1665c2\">\n#top .av-special-heading.av-jw9ez30v-2a0784c96a93f801719e759f0c1665c2{\nmargin:0 0 0 0;\npadding-bottom:0;\ncolor:#ffffff;\nfont-size:4vw;\n}\nbody .av-special-heading.av-jw9ez30v-2a0784c96a93f801719e759f0c1665c2 .av-special-heading-tag .heading-char{\nfont-size:25px;\n}\n#top #wrap_all .av-special-heading.av-jw9ez30v-2a0784c96a93f801719e759f0c1665c2 .av-special-heading-tag{\nfont-size:4vw;\n}\n.av-special-heading.av-jw9ez30v-2a0784c96a93f801719e759f0c1665c2 .special-heading-inner-border{\nborder-color:#ffffff;\n}\n.av-special-heading.av-jw9ez30v-2a0784c96a93f801719e759f0c1665c2 .av-subheading{\nfont-size:25px;\n}\n\n@media only screen and (min-width: 480px) and (max-width: 767px){ \n#top #wrap_all .av-special-heading.av-jw9ez30v-2a0784c96a93f801719e759f0c1665c2 .av-special-heading-tag{\nfont-size:0.8em;\n}\n}\n\n@media only screen and (max-width: 479px){ \n#top #wrap_all .av-special-heading.av-jw9ez30v-2a0784c96a93f801719e759f0c1665c2 .av-special-heading-tag{\nfont-size:0.8em;\n}\n}\n<\/style>\n<div  class='av-special-heading av-jw9ez30v-2a0784c96a93f801719e759f0c1665c2 av-special-heading-h2 custom-color-heading blockquote modern-quote modern-centered  avia-builder-el-2  avia-builder-el-no-sibling  av-inherit-size'><h2 class='av-special-heading-tag '  itemprop=\"headline\"  >\u00dcber die FACT-Gruppe<\/h2><div class=\"special-heading-border\"><div class=\"special-heading-inner-border\"><\/div><\/div><\/div><\/div>\n\n<\/div><\/div><\/main><!-- close content main element --><\/div><\/div><\/div><div id='av_section_2'  class='avia-section av-qet8u-83147d0d40d9d249d4aacaaedd222aa0 main_color avia-section-huge avia-no-border-styling  avia-builder-el-3  el_after_av_section  avia-builder-el-last  avia-bg-style-scroll container_wrap fullsize'  ><div class='container av-section-cont-open' ><div class='template-page content  av-content-full alpha units'><div class='post-entry post-entry-type-page post-entry-1800'><div class='entry-content-wrapper clearfix'>\n<div class='flex_column_table av-9wkhy-1e3ab9aa9cd5dfde64eae6927b3bae4a sc-av_one_third av-equal-height-column-flextable'>\n<style type=\"text\/css\" data-created_by=\"avia_inline_auto\" id=\"style-css-av-9wkhy-1e3ab9aa9cd5dfde64eae6927b3bae4a\">\n#top .flex_column_table.av-equal-height-column-flextable.av-9wkhy-1e3ab9aa9cd5dfde64eae6927b3bae4a{\nmargin-top:0px;\nmargin-bottom:0px;\n}\n.flex_column.av-9wkhy-1e3ab9aa9cd5dfde64eae6927b3bae4a{\nborder-radius:3px 3px 3px 3px;\npadding:40px 40px 40px 40px;\nbackground-color:#094978;\nbackground:linear-gradient( to top right, #094978, #105e96 );\n}\n<\/style>\n<div  class='flex_column av-9wkhy-1e3ab9aa9cd5dfde64eae6927b3bae4a av_one_third  avia-builder-el-4  el_before_av_one_third  avia-builder-el-first  first flex_column_table_cell av-equal-height-column av-align-middle av-animated-generic left-to-right  '     ><p>\n<style type=\"text\/css\" data-created_by=\"avia_inline_auto\" id=\"style-css-av-jgf8v45f-5038d65e0557a91c3f218041b07c8437\">\n.av_font_icon.av-jgf8v45f-5038d65e0557a91c3f218041b07c8437{\ncolor:#ffffff;\nborder-color:#ffffff;\n}\n.avia-svg-icon.av-jgf8v45f-5038d65e0557a91c3f218041b07c8437 svg:first-child{\nstroke:#ffffff;\nfill:#ffffff;\n}\n.av_font_icon.av-jgf8v45f-5038d65e0557a91c3f218041b07c8437 .av-icon-char{\nfont-size:70px;\nline-height:70px;\n}\n<\/style>\n<span  class='av_font_icon av-jgf8v45f-5038d65e0557a91c3f218041b07c8437 avia_animate_when_visible av-icon-style- avia-icon-pos-center avia-iconfont avia-font-justice avia-icon-animate'><span class='av-icon-char' data-av_icon='\uf106' data-av_iconfont='justice' aria-hidden=\"true\" ><\/span><\/span><br \/>\n\n<style type=\"text\/css\" data-created_by=\"avia_inline_auto\" id=\"style-css-av-av_heading-6bd29b5ea41643dd2eed59ddfa75d8db\">\n#top .av-special-heading.av-av_heading-6bd29b5ea41643dd2eed59ddfa75d8db{\nmargin:25px 0 0 0;\npadding-bottom:10px;\ncolor:#ffffff;\n}\nbody .av-special-heading.av-av_heading-6bd29b5ea41643dd2eed59ddfa75d8db .av-special-heading-tag .heading-char{\nfont-size:25px;\n}\n.av-special-heading.av-av_heading-6bd29b5ea41643dd2eed59ddfa75d8db .special-heading-inner-border{\nborder-color:#ffffff;\n}\n.av-special-heading.av-av_heading-6bd29b5ea41643dd2eed59ddfa75d8db .av-subheading{\nfont-size:15px;\n}\n<\/style>\n<div  class='av-special-heading av-av_heading-6bd29b5ea41643dd2eed59ddfa75d8db av-special-heading-h2 custom-color-heading blockquote modern-quote modern-centered  avia-builder-el-6  el_after_av_font_icon  el_before_av_textblock '><h2 class='av-special-heading-tag '  itemprop=\"headline\"  >Die FACT<\/h2><div class=\"special-heading-border\"><div class=\"special-heading-inner-border\"><\/div><\/div><\/div><br \/>\n\n<style type=\"text\/css\" data-created_by=\"avia_inline_auto\" id=\"style-css-av-jgds8wgh-c570bb5da0751afd0fe67d7ed193af31\">\n#top .av_textblock_section.av-jgds8wgh-c570bb5da0751afd0fe67d7ed193af31 .avia_textblock{\ncolor:#ffffff;\n}\n<\/style>\n<section  class='av_textblock_section av-jgds8wgh-c570bb5da0751afd0fe67d7ed193af31 '   itemscope=\"itemscope\" itemtype=\"https:\/\/schema.org\/CreativeWork\" ><div class='avia_textblock av_inherit_color'  itemprop=\"text\" ><p style=\"text-align: center;\">1996 wurde aus dem vision\u00e4ren Beraterteam einer renommierten Privatbank ein innovativer L\u00f6sungsanbieter f\u00fcr Finanzen, Treasury, Controlling und Rechnungslegung: FACT.<\/p>\n<\/div><\/section><br \/>\n\n<style type=\"text\/css\" data-created_by=\"avia_inline_auto\" id=\"style-css-av-jgf4q5kq-825be37ac99d4b015f13ff5abc085756\">\n#top .hr.hr-invisible.av-jgf4q5kq-825be37ac99d4b015f13ff5abc085756{\nheight:20px;\n}\n<\/style>\n<div  class='hr av-jgf4q5kq-825be37ac99d4b015f13ff5abc085756 hr-invisible  avia-builder-el-8  el_after_av_textblock  el_before_av_button '><span class='hr-inner '><span class=\"hr-inner-style\"><\/span><\/span><\/div><br \/>\n<div  class='avia-button-wrap av-jgf4ovnq-97f21e83a3d3d4cc254a05a407411eb3-wrap avia-button-center  avia-builder-el-9  el_after_av_hr  avia-builder-el-last '>\n<style type=\"text\/css\" data-created_by=\"avia_inline_auto\" id=\"style-css-av-jgf4ovnq-97f21e83a3d3d4cc254a05a407411eb3\">\n#top #wrap_all .avia-button.av-jgf4ovnq-97f21e83a3d3d4cc254a05a407411eb3{\nbackground-color:#ffffff;\nborder-color:#ffffff;\ncolor:#000000;\ntransition:all 0.4s ease-in-out;\n}\n#top #wrap_all .avia-button.av-jgf4ovnq-97f21e83a3d3d4cc254a05a407411eb3 .avia-svg-icon svg:first-child{\nfill:#000000;\nstroke:#000000;\n}\n<\/style>\n<a href='https:\/\/www.fact.ch\/about\/the-firm\/'  class='avia-button av-jgf4ovnq-97f21e83a3d3d4cc254a05a407411eb3 av-link-btn avia-icon_select-yes-right-icon avia-size-large avia-position-center av-icon-on-hover'   aria-label=\"Mehr erfahren\"><span class='avia_iconbox_title' >Mehr erfahren<\/span><span class='avia_button_icon avia_button_icon_right avia-iconfont avia-font-entypo-fontello' data-av_icon='\ue879' data-av_iconfont='entypo-fontello' ><\/span><\/a><\/div><\/p><\/div><div class='av-flex-placeholder'><\/div>\n<style type=\"text\/css\" data-created_by=\"avia_inline_auto\" id=\"style-css-av-9wkhy-71d048d35121cec708a6b843ccc57c50\">\n#top .flex_column_table.av-equal-height-column-flextable.av-9wkhy-71d048d35121cec708a6b843ccc57c50{\nmargin-top:0px;\nmargin-bottom:0px;\n}\n.flex_column.av-9wkhy-71d048d35121cec708a6b843ccc57c50{\nborder-radius:3px 3px 3px 3px;\npadding:40px 40px 40px 40px;\nbackground-color:#094978;\nbackground:linear-gradient( to top right, #094978, #105e96 );\n}\n<\/style>\n<div  class='flex_column av-9wkhy-71d048d35121cec708a6b843ccc57c50 av_one_third  avia-builder-el-10  el_after_av_one_third  el_before_av_one_third  flex_column_table_cell av-equal-height-column av-align-middle av-animated-generic left-to-right  '     ><p>\n<style type=\"text\/css\" data-created_by=\"avia_inline_auto\" id=\"style-css-av-jgf8v45f-935f4bbed00091abf0bb8f430e5d0f41\">\n.av_font_icon.av-jgf8v45f-935f4bbed00091abf0bb8f430e5d0f41{\ncolor:#ffffff;\nborder-color:#ffffff;\n}\n.avia-svg-icon.av-jgf8v45f-935f4bbed00091abf0bb8f430e5d0f41 svg:first-child{\nstroke:#ffffff;\nfill:#ffffff;\n}\n.av_font_icon.av-jgf8v45f-935f4bbed00091abf0bb8f430e5d0f41 .av-icon-char{\nfont-size:70px;\nline-height:70px;\n}\n<\/style>\n<span  class='av_font_icon av-jgf8v45f-935f4bbed00091abf0bb8f430e5d0f41 avia_animate_when_visible av-icon-style- avia-icon-pos-center avia-iconfont avia-font-justice avia-icon-animate'><span class='av-icon-char' data-av_icon='\uf117' data-av_iconfont='justice' aria-hidden=\"true\" ><\/span><\/span><br \/>\n\n<style type=\"text\/css\" data-created_by=\"avia_inline_auto\" id=\"style-css-av-av_heading-2f2f7a52712d0fa89eb637c6f998dcef\">\n#top .av-special-heading.av-av_heading-2f2f7a52712d0fa89eb637c6f998dcef{\nmargin:25px 0 0 0;\npadding-bottom:10px;\ncolor:#ffffff;\n}\nbody .av-special-heading.av-av_heading-2f2f7a52712d0fa89eb637c6f998dcef .av-special-heading-tag .heading-char{\nfont-size:25px;\n}\n.av-special-heading.av-av_heading-2f2f7a52712d0fa89eb637c6f998dcef .special-heading-inner-border{\nborder-color:#ffffff;\n}\n.av-special-heading.av-av_heading-2f2f7a52712d0fa89eb637c6f998dcef .av-subheading{\nfont-size:15px;\n}\n<\/style>\n<div  class='av-special-heading av-av_heading-2f2f7a52712d0fa89eb637c6f998dcef av-special-heading-h2 custom-color-heading blockquote modern-quote modern-centered  avia-builder-el-12  el_after_av_font_icon  el_before_av_textblock '><h2 class='av-special-heading-tag '  itemprop=\"headline\"  >Unsere Kunden<\/h2><div class=\"special-heading-border\"><div class=\"special-heading-inner-border\"><\/div><\/div><\/div><br \/>\n\n<style type=\"text\/css\" data-created_by=\"avia_inline_auto\" id=\"style-css-av-jgds8wgh-c570bb5da0751afd0fe67d7ed193af31\">\n#top .av_textblock_section.av-jgds8wgh-c570bb5da0751afd0fe67d7ed193af31 .avia_textblock{\ncolor:#ffffff;\n}\n<\/style>\n<section  class='av_textblock_section av-jgds8wgh-c570bb5da0751afd0fe67d7ed193af31 '   itemscope=\"itemscope\" itemtype=\"https:\/\/schema.org\/CreativeWork\" ><div class='avia_textblock av_inherit_color'  itemprop=\"text\" ><p style=\"text-align: center;\">Unsere Kunden sind in erster Linie Banken, Versicherungs- und Kapitalanlage-Gesellschaften, Asset-Manager sowie Indudstrie- und Handelsunternehmen.<\/p>\n<\/div><\/section><br \/>\n\n<style type=\"text\/css\" data-created_by=\"avia_inline_auto\" id=\"style-css-av-jgf4q5kq-825be37ac99d4b015f13ff5abc085756\">\n#top .hr.hr-invisible.av-jgf4q5kq-825be37ac99d4b015f13ff5abc085756{\nheight:20px;\n}\n<\/style>\n<div  class='hr av-jgf4q5kq-825be37ac99d4b015f13ff5abc085756 hr-invisible  avia-builder-el-14  el_after_av_textblock  el_before_av_button '><span class='hr-inner '><span class=\"hr-inner-style\"><\/span><\/span><\/div><br \/>\n<div  class='avia-button-wrap av-jgf4ovnq-19d3187f95181f3bee0ffdc0f5878377-wrap avia-button-center  avia-builder-el-15  el_after_av_hr  avia-builder-el-last '>\n<style type=\"text\/css\" data-created_by=\"avia_inline_auto\" id=\"style-css-av-jgf4ovnq-19d3187f95181f3bee0ffdc0f5878377\">\n#top #wrap_all .avia-button.av-jgf4ovnq-19d3187f95181f3bee0ffdc0f5878377{\nbackground-color:#ffffff;\nborder-color:#ffffff;\ncolor:#000000;\ntransition:all 0.4s ease-in-out;\n}\n#top #wrap_all .avia-button.av-jgf4ovnq-19d3187f95181f3bee0ffdc0f5878377 .avia-svg-icon svg:first-child{\nfill:#000000;\nstroke:#000000;\n}\n<\/style>\n<a href=''  class='avia-button av-jgf4ovnq-19d3187f95181f3bee0ffdc0f5878377 av-link-btn avia-icon_select-yes-right-icon avia-size-large avia-position-center av-icon-on-hover'   aria-label=\"Mehr erfahren\"><span class='avia_iconbox_title' >Mehr erfahren<\/span><span class='avia_button_icon avia_button_icon_right avia-iconfont avia-font-entypo-fontello' data-av_icon='\ue879' data-av_iconfont='entypo-fontello' ><\/span><\/a><\/div><\/p><\/div><div class='av-flex-placeholder'><\/div>\n<style type=\"text\/css\" data-created_by=\"avia_inline_auto\" id=\"style-css-av-9wkhy-71d048d35121cec708a6b843ccc57c50\">\n#top .flex_column_table.av-equal-height-column-flextable.av-9wkhy-71d048d35121cec708a6b843ccc57c50{\nmargin-top:0px;\nmargin-bottom:0px;\n}\n.flex_column.av-9wkhy-71d048d35121cec708a6b843ccc57c50{\nborder-radius:3px 3px 3px 3px;\npadding:40px 40px 40px 40px;\nbackground-color:#094978;\nbackground:linear-gradient( to top right, #094978, #105e96 );\n}\n<\/style>\n<div  class='flex_column av-9wkhy-71d048d35121cec708a6b843ccc57c50 av_one_third  avia-builder-el-16  el_after_av_one_third  avia-builder-el-last  flex_column_table_cell av-equal-height-column av-align-middle av-animated-generic left-to-right  '     ><p>\n<style type=\"text\/css\" data-created_by=\"avia_inline_auto\" id=\"style-css-av-jgf8v45f-c3a7aee11addffb676f61c3a2c3d65d0\">\n.av_font_icon.av-jgf8v45f-c3a7aee11addffb676f61c3a2c3d65d0{\ncolor:#ffffff;\nborder-color:#ffffff;\n}\n.avia-svg-icon.av-jgf8v45f-c3a7aee11addffb676f61c3a2c3d65d0 svg:first-child{\nstroke:#ffffff;\nfill:#ffffff;\n}\n.av_font_icon.av-jgf8v45f-c3a7aee11addffb676f61c3a2c3d65d0 .av-icon-char{\nfont-size:70px;\nline-height:70px;\n}\n<\/style>\n<span  class='av_font_icon av-jgf8v45f-c3a7aee11addffb676f61c3a2c3d65d0 avia_animate_when_visible av-icon-style- avia-icon-pos-center avia-iconfont avia-font-justice avia-icon-animate'><span class='av-icon-char' data-av_icon='\uf116' data-av_iconfont='justice' aria-hidden=\"true\" ><\/span><\/span><br \/>\n\n<style type=\"text\/css\" data-created_by=\"avia_inline_auto\" id=\"style-css-av-av_heading-a6d2ad398673abf743bd04dc17cd0a31\">\n#top .av-special-heading.av-av_heading-a6d2ad398673abf743bd04dc17cd0a31{\nmargin:25px 0 0 0;\npadding-bottom:10px;\ncolor:#ffffff;\n}\nbody .av-special-heading.av-av_heading-a6d2ad398673abf743bd04dc17cd0a31 .av-special-heading-tag .heading-char{\nfont-size:25px;\n}\n.av-special-heading.av-av_heading-a6d2ad398673abf743bd04dc17cd0a31 .special-heading-inner-border{\nborder-color:#ffffff;\n}\n.av-special-heading.av-av_heading-a6d2ad398673abf743bd04dc17cd0a31 .av-subheading{\nfont-size:15px;\n}\n<\/style>\n<div  class='av-special-heading av-av_heading-a6d2ad398673abf743bd04dc17cd0a31 av-special-heading-h2 custom-color-heading blockquote modern-quote modern-centered  avia-builder-el-18  el_after_av_font_icon  el_before_av_textblock '><h2 class='av-special-heading-tag '  itemprop=\"headline\"  >Unsere Partner<\/h2><div class=\"special-heading-border\"><div class=\"special-heading-inner-border\"><\/div><\/div><\/div><br \/>\n\n<style type=\"text\/css\" data-created_by=\"avia_inline_auto\" id=\"style-css-av-jgds8wgh-c570bb5da0751afd0fe67d7ed193af31\">\n#top .av_textblock_section.av-jgds8wgh-c570bb5da0751afd0fe67d7ed193af31 .avia_textblock{\ncolor:#ffffff;\n}\n<\/style>\n<section  class='av_textblock_section av-jgds8wgh-c570bb5da0751afd0fe67d7ed193af31 '   itemscope=\"itemscope\" itemtype=\"https:\/\/schema.org\/CreativeWork\" ><div class='avia_textblock av_inherit_color'  itemprop=\"text\" ><p style=\"text-align: center;\">In unserem ganzheitlichen und ergebnisorientierten Beratungsansatz setzen wir auf nachhaltige Partnerschaften und hohe Kundenzufriedenheit.<\/p>\n<\/div><\/section><br \/>\n\n<style type=\"text\/css\" data-created_by=\"avia_inline_auto\" id=\"style-css-av-jgf4q5kq-825be37ac99d4b015f13ff5abc085756\">\n#top .hr.hr-invisible.av-jgf4q5kq-825be37ac99d4b015f13ff5abc085756{\nheight:20px;\n}\n<\/style>\n<div  class='hr av-jgf4q5kq-825be37ac99d4b015f13ff5abc085756 hr-invisible  avia-builder-el-20  el_after_av_textblock  el_before_av_button '><span class='hr-inner '><span class=\"hr-inner-style\"><\/span><\/span><\/div><br \/>\n<div  class='avia-button-wrap av-jgf4ovnq-60206b6596b99eaa471996fa57cabf00-wrap avia-button-center  avia-builder-el-21  el_after_av_hr  avia-builder-el-last '>\n<style type=\"text\/css\" data-created_by=\"avia_inline_auto\" id=\"style-css-av-jgf4ovnq-60206b6596b99eaa471996fa57cabf00\">\n#top #wrap_all .avia-button.av-jgf4ovnq-60206b6596b99eaa471996fa57cabf00{\nbackground-color:#ffffff;\nborder-color:#ffffff;\ncolor:#000000;\ntransition:all 0.4s ease-in-out;\n}\n#top #wrap_all .avia-button.av-jgf4ovnq-60206b6596b99eaa471996fa57cabf00 .avia-svg-icon svg:first-child{\nfill:#000000;\nstroke:#000000;\n}\n<\/style>\n<a href='https:\/\/www.fact.ch\/partner\/'  class='avia-button av-jgf4ovnq-60206b6596b99eaa471996fa57cabf00 av-link-btn avia-icon_select-yes-right-icon avia-size-large avia-position-center av-icon-on-hover'   aria-label=\"Mehr erfahren\"><span class='avia_iconbox_title' >Mehr erfahren<\/span><span class='avia_button_icon avia_button_icon_right avia-iconfont avia-font-entypo-fontello' data-av_icon='\ue879' data-av_iconfont='entypo-fontello' ><\/span><\/a><\/div><\/p><\/div><\/div><!--close column table wrapper. Autoclose: 1 -->\n","protected":false},"excerpt":{"rendered":"","protected":false},"author":1,"featured_media":0,"parent":0,"menu_order":0,"comment_status":"open","ping_status":"open","template":"","meta":{"footnotes":""},"class_list":["post-1800","page","type-page","status-publish","hentry"],"_links":{"self":[{"href":"https:\/\/www.fact.ch\/en\/wp-json\/wp\/v2\/pages\/1800","targetHints":{"allow":["GET"]}}],"collection":[{"href":"https:\/\/www.fact.ch\/en\/wp-json\/wp\/v2\/pages"}],"about":[{"href":"https:\/\/www.fact.ch\/en\/wp-json\/wp\/v2\/types\/page"}],"author":[{"embeddable":true,"href":"https:\/\/www.fact.ch\/en\/wp-json\/wp\/v2\/users\/1"}],"replies":[{"embeddable":true,"href":"https:\/\/www.fact.ch\/en\/wp-json\/wp\/v2\/comments?post=1800"}],"version-history":[{"count":0,"href":"https:\/\/www.fact.ch\/en\/wp-json\/wp\/v2\/pages\/1800\/revisions"}],"wp:attachment":[{"href":"https:\/\/www.fact.ch\/en\/wp-json\/wp\/v2\/media?parent=1800"}],"curies":[{"name":"wp","href":"https:\/\/api.w.org\/{rel}","templated":true}]}}